{"id":35187,"date":"2020-12-22T17:23:30","date_gmt":"2021-02-09T15:11:29","guid":{"rendered":"https:\/\/bondorproducts.com\/producto\/ampoule-dacide-bon-dor-ag\/"},"modified":"2021-02-09T16:11:29","modified_gmt":"2021-02-09T15:11:29","slug":"ampolla-de-agua-de-toque-bon-dor-ag-2","status":"publish","type":"product","link":"https:\/\/bondorproducts.com\/fr\/produit\/ampolla-de-agua-de-toque-bon-dor-ag-2\/","title":{"rendered":"AMPOULE D\u2019ACIDE BON D\u2019OR Ag."},"content":{"rendered":"<p>Ampoule d\u2019acide de Ag, sp\u00e9ciale pour le contr\u00f4le de l&rsquo;argent.<\/p>\n<p><i>Pour un usage professionnel uniquement. Produit tr\u00e8s corrosif. Il est n\u00e9cessaire de prendre des mesures de s\u00e9curit\u00e9 appropri\u00e9es, telles que le port de gants et de lunettes de protection, pour \u00e9viter tout contact avec la peau et les yeux.<\/i><\/p>\n","protected":false},"excerpt":{"rendered":"<p>Ampoule d\u2019acide de Ag, sp\u00e9ciale pour le contr\u00f4le de l&rsquo;argent. Pour un usage professionnel uniquement. Produit tr\u00e8s corrosif. Il est n\u00e9cessaire de prendre des mesures de s\u00e9curit\u00e9 appropri\u00e9es, telles que le port de gants et de lunettes de protection, pour \u00e9viter tout contact avec la peau et les yeux.<\/p>\n","protected":false},"featured_media":34875,"comment_status":"closed","ping_status":"closed","template":"","meta":[],"product_brand":[],"product_cat":[65,66],"product_tag":[],"class_list":{"0":"post-35187","1":"product","2":"type-product","3":"status-publish","4":"has-post-thumbnail","6":"product_cat-acides-pour-tester","7":"product_cat-test-des-metaux-nobles","8":"","9":"woocommerce-text-align-center","10":"woocommerce-image-align-center","11":"do-quantity-buttons","13":"first","14":"instock","15":"shipping-taxable","16":"product-type-simple"},"yoast_head":"<!-- This site is optimized with the Yoast SEO plugin v27.3 - https:\/\/yoast.com\/product\/yoast-seo-wordpress\/ -->\n<title>AMPOULE D\u2019ACIDE BON D\u2019OR Ag. &#171; Bon d&#039;Or Products<\/title>\n<meta name=\"robots\" content=\"index, follow, max-snippet:-1, max-image-preview:large, max-video-preview:-1\" \/>\n<link rel=\"canonical\" href=\"https:\/\/bondorproducts.com\/fr\/produit\/ampolla-de-agua-de-toque-bon-dor-ag-2\/\" \/>\n<meta property=\"og:locale\" content=\"fr_FR\" \/>\n<meta property=\"og:type\" content=\"article\" \/>\n<meta property=\"og:title\" content=\"AMPOULE D\u2019ACIDE BON D\u2019OR Ag. &#171; Bon d&#039;Or Products\" \/>\n<meta property=\"og:description\" content=\"Ampoule d\u2019acide de Ag, sp\u00e9ciale pour le contr\u00f4le de l&rsquo;argent. Pour un usage professionnel uniquement. Produit tr\u00e8s corrosif. Il est n\u00e9cessaire de prendre des mesures de s\u00e9curit\u00e9 appropri\u00e9es, telles que le port de gants et de lunettes de protection, pour \u00e9viter tout contact avec la peau et les yeux.\" \/>\n<meta property=\"og:url\" content=\"https:\/\/bondorproducts.com\/fr\/produit\/ampolla-de-agua-de-toque-bon-dor-ag-2\/\" \/>\n<meta property=\"og:site_name\" content=\"Bon d&#039;Or Products\" \/>\n<meta property=\"og:image\" content=\"https:\/\/bondorproducts.com\/wp-content\/uploads\/2021\/01\/ag-plata-scaled.jpg\" \/>\n\t<meta property=\"og:image:width\" content=\"2560\" \/>\n\t<meta property=\"og:image:height\" content=\"2047\" \/>\n\t<meta property=\"og:image:type\" content=\"image\/jpeg\" \/>\n<meta name=\"twitter:card\" content=\"summary_large_image\" \/>\n<script type=\"application\/ld+json\" class=\"yoast-schema-graph\">{\"@context\":\"https:\\\/\\\/schema.org\",\"@graph\":[{\"@type\":\"WebPage\",\"@id\":\"https:\\\/\\\/bondorproducts.com\\\/fr\\\/produit\\\/ampolla-de-agua-de-toque-bon-dor-ag-2\\\/\",\"url\":\"https:\\\/\\\/bondorproducts.com\\\/fr\\\/produit\\\/ampolla-de-agua-de-toque-bon-dor-ag-2\\\/\",\"name\":\"AMPOULE D\u2019ACIDE BON D\u2019OR Ag. &#171; Bon d'Or Products\",\"isPartOf\":{\"@id\":\"https:\\\/\\\/bondorproducts.com\\\/fr\\\/#website\"},\"primaryImageOfPage\":{\"@id\":\"https:\\\/\\\/bondorproducts.com\\\/fr\\\/produit\\\/ampolla-de-agua-de-toque-bon-dor-ag-2\\\/#primaryimage\"},\"image\":{\"@id\":\"https:\\\/\\\/bondorproducts.com\\\/fr\\\/produit\\\/ampolla-de-agua-de-toque-bon-dor-ag-2\\\/#primaryimage\"},\"thumbnailUrl\":\"https:\\\/\\\/bondorproducts.com\\\/wp-content\\\/uploads\\\/2021\\\/01\\\/ag-plata-scaled.jpg\",\"datePublished\":\"2021-02-09T15:11:29+00:00\",\"breadcrumb\":{\"@id\":\"https:\\\/\\\/bondorproducts.com\\\/fr\\\/produit\\\/ampolla-de-agua-de-toque-bon-dor-ag-2\\\/#breadcrumb\"},\"inLanguage\":\"fr-FR\",\"potentialAction\":[{\"@type\":\"ReadAction\",\"target\":[\"https:\\\/\\\/bondorproducts.com\\\/fr\\\/produit\\\/ampolla-de-agua-de-toque-bon-dor-ag-2\\\/\"]}]},{\"@type\":\"ImageObject\",\"inLanguage\":\"fr-FR\",\"@id\":\"https:\\\/\\\/bondorproducts.com\\\/fr\\\/produit\\\/ampolla-de-agua-de-toque-bon-dor-ag-2\\\/#primaryimage\",\"url\":\"https:\\\/\\\/bondorproducts.com\\\/wp-content\\\/uploads\\\/2021\\\/01\\\/ag-plata-scaled.jpg\",\"contentUrl\":\"https:\\\/\\\/bondorproducts.com\\\/wp-content\\\/uploads\\\/2021\\\/01\\\/ag-plata-scaled.jpg\",\"width\":2560,\"height\":2047,\"caption\":\"Ag Plata\"},{\"@type\":\"BreadcrumbList\",\"@id\":\"https:\\\/\\\/bondorproducts.com\\\/fr\\\/produit\\\/ampolla-de-agua-de-toque-bon-dor-ag-2\\\/#breadcrumb\",\"itemListElement\":[{\"@type\":\"ListItem\",\"position\":1,\"name\":\"Portada\",\"item\":\"https:\\\/\\\/bondorproducts.com\\\/fr\\\/\"},{\"@type\":\"ListItem\",\"position\":2,\"name\":\"Produits\",\"item\":\"https:\\\/\\\/bondorproducts.com\\\/fr\\\/produits\\\/\"},{\"@type\":\"ListItem\",\"position\":3,\"name\":\"AMPOULE D\u2019ACIDE BON D\u2019OR Ag.\"}]},{\"@type\":\"WebSite\",\"@id\":\"https:\\\/\\\/bondorproducts.com\\\/fr\\\/#website\",\"url\":\"https:\\\/\\\/bondorproducts.com\\\/fr\\\/\",\"name\":\"Bon d'Or Products\",\"description\":\"Reactivos para el an&aacute;lisis de metales nobles\",\"publisher\":{\"@id\":\"https:\\\/\\\/bondorproducts.com\\\/fr\\\/#organization\"},\"potentialAction\":[{\"@type\":\"SearchAction\",\"target\":{\"@type\":\"EntryPoint\",\"urlTemplate\":\"https:\\\/\\\/bondorproducts.com\\\/fr\\\/?s={search_term_string}\"},\"query-input\":{\"@type\":\"PropertyValueSpecification\",\"valueRequired\":true,\"valueName\":\"search_term_string\"}}],\"inLanguage\":\"fr-FR\"},{\"@type\":\"Organization\",\"@id\":\"https:\\\/\\\/bondorproducts.com\\\/fr\\\/#organization\",\"name\":\"Bon d'Or Products\",\"url\":\"https:\\\/\\\/bondorproducts.com\\\/fr\\\/\",\"logo\":{\"@type\":\"ImageObject\",\"inLanguage\":\"fr-FR\",\"@id\":\"https:\\\/\\\/bondorproducts.com\\\/fr\\\/#\\\/schema\\\/logo\\\/image\\\/\",\"url\":\"https:\\\/\\\/bondorproducts.com\\\/wp-content\\\/uploads\\\/2021\\\/01\\\/logo-complet-verd.png\",\"contentUrl\":\"https:\\\/\\\/bondorproducts.com\\\/wp-content\\\/uploads\\\/2021\\\/01\\\/logo-complet-verd.png\",\"width\":2560,\"height\":1040,\"caption\":\"Bon d'Or Products\"},\"image\":{\"@id\":\"https:\\\/\\\/bondorproducts.com\\\/fr\\\/#\\\/schema\\\/logo\\\/image\\\/\"}}]}<\/script>\n<!-- \/ Yoast SEO plugin. -->","yoast_head_json":{"title":"AMPOULE D\u2019ACIDE BON D\u2019OR Ag. &#171; Bon d'Or Products","robots":{"index":"index","follow":"follow","max-snippet":"max-snippet:-1","max-image-preview":"max-image-preview:large","max-video-preview":"max-video-preview:-1"},"canonical":"https:\/\/bondorproducts.com\/fr\/produit\/ampolla-de-agua-de-toque-bon-dor-ag-2\/","og_locale":"fr_FR","og_type":"article","og_title":"AMPOULE D\u2019ACIDE BON D\u2019OR Ag. &#171; Bon d'Or Products","og_description":"Ampoule d\u2019acide de Ag, sp\u00e9ciale pour le contr\u00f4le de l&rsquo;argent. Pour un usage professionnel uniquement. Produit tr\u00e8s corrosif. Il est n\u00e9cessaire de prendre des mesures de s\u00e9curit\u00e9 appropri\u00e9es, telles que le port de gants et de lunettes de protection, pour \u00e9viter tout contact avec la peau et les yeux.","og_url":"https:\/\/bondorproducts.com\/fr\/produit\/ampolla-de-agua-de-toque-bon-dor-ag-2\/","og_site_name":"Bon d'Or Products","og_image":[{"width":2560,"height":2047,"url":"https:\/\/bondorproducts.com\/wp-content\/uploads\/2021\/01\/ag-plata-scaled.jpg","type":"image\/jpeg"}],"twitter_card":"summary_large_image","schema":{"@context":"https:\/\/schema.org","@graph":[{"@type":"WebPage","@id":"https:\/\/bondorproducts.com\/fr\/produit\/ampolla-de-agua-de-toque-bon-dor-ag-2\/","url":"https:\/\/bondorproducts.com\/fr\/produit\/ampolla-de-agua-de-toque-bon-dor-ag-2\/","name":"AMPOULE D\u2019ACIDE BON D\u2019OR Ag. &#171; Bon d'Or Products","isPartOf":{"@id":"https:\/\/bondorproducts.com\/fr\/#website"},"primaryImageOfPage":{"@id":"https:\/\/bondorproducts.com\/fr\/produit\/ampolla-de-agua-de-toque-bon-dor-ag-2\/#primaryimage"},"image":{"@id":"https:\/\/bondorproducts.com\/fr\/produit\/ampolla-de-agua-de-toque-bon-dor-ag-2\/#primaryimage"},"thumbnailUrl":"https:\/\/bondorproducts.com\/wp-content\/uploads\/2021\/01\/ag-plata-scaled.jpg","datePublished":"2021-02-09T15:11:29+00:00","breadcrumb":{"@id":"https:\/\/bondorproducts.com\/fr\/produit\/ampolla-de-agua-de-toque-bon-dor-ag-2\/#breadcrumb"},"inLanguage":"fr-FR","potentialAction":[{"@type":"ReadAction","target":["https:\/\/bondorproducts.com\/fr\/produit\/ampolla-de-agua-de-toque-bon-dor-ag-2\/"]}]},{"@type":"ImageObject","inLanguage":"fr-FR","@id":"https:\/\/bondorproducts.com\/fr\/produit\/ampolla-de-agua-de-toque-bon-dor-ag-2\/#primaryimage","url":"https:\/\/bondorproducts.com\/wp-content\/uploads\/2021\/01\/ag-plata-scaled.jpg","contentUrl":"https:\/\/bondorproducts.com\/wp-content\/uploads\/2021\/01\/ag-plata-scaled.jpg","width":2560,"height":2047,"caption":"Ag Plata"},{"@type":"BreadcrumbList","@id":"https:\/\/bondorproducts.com\/fr\/produit\/ampolla-de-agua-de-toque-bon-dor-ag-2\/#breadcrumb","itemListElement":[{"@type":"ListItem","position":1,"name":"Portada","item":"https:\/\/bondorproducts.com\/fr\/"},{"@type":"ListItem","position":2,"name":"Produits","item":"https:\/\/bondorproducts.com\/fr\/produits\/"},{"@type":"ListItem","position":3,"name":"AMPOULE D\u2019ACIDE BON D\u2019OR Ag."}]},{"@type":"WebSite","@id":"https:\/\/bondorproducts.com\/fr\/#website","url":"https:\/\/bondorproducts.com\/fr\/","name":"Bon d'Or Products","description":"Reactivos para el an&aacute;lisis de metales nobles","publisher":{"@id":"https:\/\/bondorproducts.com\/fr\/#organization"},"potentialAction":[{"@type":"SearchAction","target":{"@type":"EntryPoint","urlTemplate":"https:\/\/bondorproducts.com\/fr\/?s={search_term_string}"},"query-input":{"@type":"PropertyValueSpecification","valueRequired":true,"valueName":"search_term_string"}}],"inLanguage":"fr-FR"},{"@type":"Organization","@id":"https:\/\/bondorproducts.com\/fr\/#organization","name":"Bon d'Or Products","url":"https:\/\/bondorproducts.com\/fr\/","logo":{"@type":"ImageObject","inLanguage":"fr-FR","@id":"https:\/\/bondorproducts.com\/fr\/#\/schema\/logo\/image\/","url":"https:\/\/bondorproducts.com\/wp-content\/uploads\/2021\/01\/logo-complet-verd.png","contentUrl":"https:\/\/bondorproducts.com\/wp-content\/uploads\/2021\/01\/logo-complet-verd.png","width":2560,"height":1040,"caption":"Bon d'Or Products"},"image":{"@id":"https:\/\/bondorproducts.com\/fr\/#\/schema\/logo\/image\/"}}]}},"_links":{"self":[{"href":"https:\/\/bondorproducts.com\/fr\/wp-json\/wp\/v2\/product\/35187","targetHints":{"allow":["GET"]}}],"collection":[{"href":"https:\/\/bondorproducts.com\/fr\/wp-json\/wp\/v2\/product"}],"about":[{"href":"https:\/\/bondorproducts.com\/fr\/wp-json\/wp\/v2\/types\/product"}],"replies":[{"embeddable":true,"href":"https:\/\/bondorproducts.com\/fr\/wp-json\/wp\/v2\/comments?post=35187"}],"wp:featuredmedia":[{"embeddable":true,"href":"https:\/\/bondorproducts.com\/fr\/wp-json\/wp\/v2\/media\/34875"}],"wp:attachment":[{"href":"https:\/\/bondorproducts.com\/fr\/wp-json\/wp\/v2\/media?parent=35187"}],"wp:term":[{"taxonomy":"product_brand","embeddable":true,"href":"https:\/\/bondorproducts.com\/fr\/wp-json\/wp\/v2\/product_brand?post=35187"},{"taxonomy":"product_cat","embeddable":true,"href":"https:\/\/bondorproducts.com\/fr\/wp-json\/wp\/v2\/product_cat?post=35187"},{"taxonomy":"product_tag","embeddable":true,"href":"https:\/\/bondorproducts.com\/fr\/wp-json\/wp\/v2\/product_tag?post=35187"}],"curies":[{"name":"wp","href":"https:\/\/api.w.org\/{rel}","templated":true}]}}