{"id":35175,"date":"2020-12-22T17:04:44","date_gmt":"2021-02-08T20:07:05","guid":{"rendered":"https:\/\/bondorproducts.com\/producto\/fp-fondation-de-purification-700-g\/"},"modified":"2021-02-15T20:18:15","modified_gmt":"2021-02-15T19:18:15","slug":"fp-fondation-de-purification-700g","status":"publish","type":"product","link":"https:\/\/bondorproducts.com\/fr\/produit\/fp-fondation-de-purification-700g\/","title":{"rendered":"FP. FONDANT PURIFICATEUR. 700g"},"content":{"rendered":"<p>Sels sp\u00e9ciaux pour la coul\u00e9e des m\u00e9taux utilis\u00e9s en bijouterie tels que l&rsquo;or, l&rsquo;argent, le laiton ou le bronze, entre autres.<\/p>\n<p>Il r\u00e9duit l&rsquo;oxydation de l&rsquo;alliage et aide \u00e0 le nettoyer, am\u00e9liorant ainsi sa fluidit\u00e9 et sa qualit\u00e9.<\/p>\n","protected":false},"excerpt":{"rendered":"<p>Sels sp\u00e9ciaux pour la coul\u00e9e des m\u00e9taux utilis\u00e9s en bijouterie tels que l&rsquo;or, l&rsquo;argent, le laiton ou le bronze, entre autres. Il r\u00e9duit l&rsquo;oxydation de l&rsquo;alliage et aide \u00e0 le nettoyer, am\u00e9liorant ainsi sa fluidit\u00e9 et sa qualit\u00e9.<\/p>\n","protected":false},"featured_media":34911,"comment_status":"closed","ping_status":"closed","template":"","meta":[],"product_brand":[],"product_cat":[61],"product_tag":[],"class_list":{"0":"post-35175","1":"product","2":"type-product","3":"status-publish","4":"has-post-thumbnail","6":"product_cat-fondants","7":"","8":"woocommerce-text-align-center","9":"woocommerce-image-align-center","10":"do-quantity-buttons","12":"first","13":"instock","14":"shipping-taxable","15":"product-type-simple"},"yoast_head":"<!-- This site is optimized with the Yoast SEO plugin v27.3 - https:\/\/yoast.com\/product\/yoast-seo-wordpress\/ -->\n<title>FP. FONDANT PURIFICATEUR. 700g &#171; Bon d&#039;Or Products<\/title>\n<meta name=\"robots\" content=\"index, follow, max-snippet:-1, max-image-preview:large, max-video-preview:-1\" \/>\n<link rel=\"canonical\" href=\"https:\/\/bondorproducts.com\/fr\/produit\/fp-fondation-de-purification-700g\/\" \/>\n<meta property=\"og:locale\" content=\"fr_FR\" \/>\n<meta property=\"og:type\" content=\"article\" \/>\n<meta property=\"og:title\" content=\"FP. FONDANT PURIFICATEUR. 700g &#171; Bon d&#039;Or Products\" \/>\n<meta property=\"og:description\" content=\"Sels sp\u00e9ciaux pour la coul\u00e9e des m\u00e9taux utilis\u00e9s en bijouterie tels que l&rsquo;or, l&rsquo;argent, le laiton ou le bronze, entre autres. Il r\u00e9duit l&rsquo;oxydation de l&rsquo;alliage et aide \u00e0 le nettoyer, am\u00e9liorant ainsi sa fluidit\u00e9 et sa qualit\u00e9.\" \/>\n<meta property=\"og:url\" content=\"https:\/\/bondorproducts.com\/fr\/produit\/fp-fondation-de-purification-700g\/\" \/>\n<meta property=\"og:site_name\" content=\"Bon d&#039;Or Products\" \/>\n<meta property=\"article:modified_time\" content=\"2021-02-15T19:18:15+00:00\" \/>\n<meta property=\"og:image\" content=\"https:\/\/bondorproducts.com\/wp-content\/uploads\/2021\/01\/fp-scaled.jpg\" \/>\n\t<meta property=\"og:image:width\" content=\"2560\" \/>\n\t<meta property=\"og:image:height\" content=\"2045\" \/>\n\t<meta property=\"og:image:type\" content=\"image\/jpeg\" \/>\n<meta name=\"twitter:card\" content=\"summary_large_image\" \/>\n<script type=\"application\/ld+json\" class=\"yoast-schema-graph\">{\"@context\":\"https:\\\/\\\/schema.org\",\"@graph\":[{\"@type\":\"WebPage\",\"@id\":\"https:\\\/\\\/bondorproducts.com\\\/fr\\\/produit\\\/fp-fondation-de-purification-700g\\\/\",\"url\":\"https:\\\/\\\/bondorproducts.com\\\/fr\\\/produit\\\/fp-fondation-de-purification-700g\\\/\",\"name\":\"FP. FONDANT PURIFICATEUR. 700g &#171; Bon d'Or Products\",\"isPartOf\":{\"@id\":\"https:\\\/\\\/bondorproducts.com\\\/fr\\\/#website\"},\"primaryImageOfPage\":{\"@id\":\"https:\\\/\\\/bondorproducts.com\\\/fr\\\/produit\\\/fp-fondation-de-purification-700g\\\/#primaryimage\"},\"image\":{\"@id\":\"https:\\\/\\\/bondorproducts.com\\\/fr\\\/produit\\\/fp-fondation-de-purification-700g\\\/#primaryimage\"},\"thumbnailUrl\":\"https:\\\/\\\/bondorproducts.com\\\/wp-content\\\/uploads\\\/2021\\\/01\\\/fp-scaled.jpg\",\"datePublished\":\"2021-02-08T20:07:05+00:00\",\"dateModified\":\"2021-02-15T19:18:15+00:00\",\"breadcrumb\":{\"@id\":\"https:\\\/\\\/bondorproducts.com\\\/fr\\\/produit\\\/fp-fondation-de-purification-700g\\\/#breadcrumb\"},\"inLanguage\":\"fr-FR\",\"potentialAction\":[{\"@type\":\"ReadAction\",\"target\":[\"https:\\\/\\\/bondorproducts.com\\\/fr\\\/produit\\\/fp-fondation-de-purification-700g\\\/\"]}]},{\"@type\":\"ImageObject\",\"inLanguage\":\"fr-FR\",\"@id\":\"https:\\\/\\\/bondorproducts.com\\\/fr\\\/produit\\\/fp-fondation-de-purification-700g\\\/#primaryimage\",\"url\":\"https:\\\/\\\/bondorproducts.com\\\/wp-content\\\/uploads\\\/2021\\\/01\\\/fp-scaled.jpg\",\"contentUrl\":\"https:\\\/\\\/bondorproducts.com\\\/wp-content\\\/uploads\\\/2021\\\/01\\\/fp-scaled.jpg\",\"width\":2560,\"height\":2045,\"caption\":\"Fp\"},{\"@type\":\"BreadcrumbList\",\"@id\":\"https:\\\/\\\/bondorproducts.com\\\/fr\\\/produit\\\/fp-fondation-de-purification-700g\\\/#breadcrumb\",\"itemListElement\":[{\"@type\":\"ListItem\",\"position\":1,\"name\":\"Portada\",\"item\":\"https:\\\/\\\/bondorproducts.com\\\/fr\\\/\"},{\"@type\":\"ListItem\",\"position\":2,\"name\":\"Produits\",\"item\":\"https:\\\/\\\/bondorproducts.com\\\/fr\\\/produits\\\/\"},{\"@type\":\"ListItem\",\"position\":3,\"name\":\"FP. FONDANT PURIFICATEUR. 700g\"}]},{\"@type\":\"WebSite\",\"@id\":\"https:\\\/\\\/bondorproducts.com\\\/fr\\\/#website\",\"url\":\"https:\\\/\\\/bondorproducts.com\\\/fr\\\/\",\"name\":\"Bon d'Or Products\",\"description\":\"Reactivos para el an&aacute;lisis de metales nobles\",\"publisher\":{\"@id\":\"https:\\\/\\\/bondorproducts.com\\\/fr\\\/#organization\"},\"potentialAction\":[{\"@type\":\"SearchAction\",\"target\":{\"@type\":\"EntryPoint\",\"urlTemplate\":\"https:\\\/\\\/bondorproducts.com\\\/fr\\\/?s={search_term_string}\"},\"query-input\":{\"@type\":\"PropertyValueSpecification\",\"valueRequired\":true,\"valueName\":\"search_term_string\"}}],\"inLanguage\":\"fr-FR\"},{\"@type\":\"Organization\",\"@id\":\"https:\\\/\\\/bondorproducts.com\\\/fr\\\/#organization\",\"name\":\"Bon d'Or Products\",\"url\":\"https:\\\/\\\/bondorproducts.com\\\/fr\\\/\",\"logo\":{\"@type\":\"ImageObject\",\"inLanguage\":\"fr-FR\",\"@id\":\"https:\\\/\\\/bondorproducts.com\\\/fr\\\/#\\\/schema\\\/logo\\\/image\\\/\",\"url\":\"https:\\\/\\\/bondorproducts.com\\\/wp-content\\\/uploads\\\/2021\\\/01\\\/logo-complet-verd.png\",\"contentUrl\":\"https:\\\/\\\/bondorproducts.com\\\/wp-content\\\/uploads\\\/2021\\\/01\\\/logo-complet-verd.png\",\"width\":2560,\"height\":1040,\"caption\":\"Bon d'Or Products\"},\"image\":{\"@id\":\"https:\\\/\\\/bondorproducts.com\\\/fr\\\/#\\\/schema\\\/logo\\\/image\\\/\"}}]}<\/script>\n<!-- \/ Yoast SEO plugin. -->","yoast_head_json":{"title":"FP. FONDANT PURIFICATEUR. 700g &#171; Bon d'Or Products","robots":{"index":"index","follow":"follow","max-snippet":"max-snippet:-1","max-image-preview":"max-image-preview:large","max-video-preview":"max-video-preview:-1"},"canonical":"https:\/\/bondorproducts.com\/fr\/produit\/fp-fondation-de-purification-700g\/","og_locale":"fr_FR","og_type":"article","og_title":"FP. FONDANT PURIFICATEUR. 700g &#171; Bon d'Or Products","og_description":"Sels sp\u00e9ciaux pour la coul\u00e9e des m\u00e9taux utilis\u00e9s en bijouterie tels que l&rsquo;or, l&rsquo;argent, le laiton ou le bronze, entre autres. Il r\u00e9duit l&rsquo;oxydation de l&rsquo;alliage et aide \u00e0 le nettoyer, am\u00e9liorant ainsi sa fluidit\u00e9 et sa qualit\u00e9.","og_url":"https:\/\/bondorproducts.com\/fr\/produit\/fp-fondation-de-purification-700g\/","og_site_name":"Bon d'Or Products","article_modified_time":"2021-02-15T19:18:15+00:00","og_image":[{"width":2560,"height":2045,"url":"https:\/\/bondorproducts.com\/wp-content\/uploads\/2021\/01\/fp-scaled.jpg","type":"image\/jpeg"}],"twitter_card":"summary_large_image","schema":{"@context":"https:\/\/schema.org","@graph":[{"@type":"WebPage","@id":"https:\/\/bondorproducts.com\/fr\/produit\/fp-fondation-de-purification-700g\/","url":"https:\/\/bondorproducts.com\/fr\/produit\/fp-fondation-de-purification-700g\/","name":"FP. FONDANT PURIFICATEUR. 700g &#171; Bon d'Or Products","isPartOf":{"@id":"https:\/\/bondorproducts.com\/fr\/#website"},"primaryImageOfPage":{"@id":"https:\/\/bondorproducts.com\/fr\/produit\/fp-fondation-de-purification-700g\/#primaryimage"},"image":{"@id":"https:\/\/bondorproducts.com\/fr\/produit\/fp-fondation-de-purification-700g\/#primaryimage"},"thumbnailUrl":"https:\/\/bondorproducts.com\/wp-content\/uploads\/2021\/01\/fp-scaled.jpg","datePublished":"2021-02-08T20:07:05+00:00","dateModified":"2021-02-15T19:18:15+00:00","breadcrumb":{"@id":"https:\/\/bondorproducts.com\/fr\/produit\/fp-fondation-de-purification-700g\/#breadcrumb"},"inLanguage":"fr-FR","potentialAction":[{"@type":"ReadAction","target":["https:\/\/bondorproducts.com\/fr\/produit\/fp-fondation-de-purification-700g\/"]}]},{"@type":"ImageObject","inLanguage":"fr-FR","@id":"https:\/\/bondorproducts.com\/fr\/produit\/fp-fondation-de-purification-700g\/#primaryimage","url":"https:\/\/bondorproducts.com\/wp-content\/uploads\/2021\/01\/fp-scaled.jpg","contentUrl":"https:\/\/bondorproducts.com\/wp-content\/uploads\/2021\/01\/fp-scaled.jpg","width":2560,"height":2045,"caption":"Fp"},{"@type":"BreadcrumbList","@id":"https:\/\/bondorproducts.com\/fr\/produit\/fp-fondation-de-purification-700g\/#breadcrumb","itemListElement":[{"@type":"ListItem","position":1,"name":"Portada","item":"https:\/\/bondorproducts.com\/fr\/"},{"@type":"ListItem","position":2,"name":"Produits","item":"https:\/\/bondorproducts.com\/fr\/produits\/"},{"@type":"ListItem","position":3,"name":"FP. FONDANT PURIFICATEUR. 700g"}]},{"@type":"WebSite","@id":"https:\/\/bondorproducts.com\/fr\/#website","url":"https:\/\/bondorproducts.com\/fr\/","name":"Bon d'Or Products","description":"Reactivos para el an&aacute;lisis de metales nobles","publisher":{"@id":"https:\/\/bondorproducts.com\/fr\/#organization"},"potentialAction":[{"@type":"SearchAction","target":{"@type":"EntryPoint","urlTemplate":"https:\/\/bondorproducts.com\/fr\/?s={search_term_string}"},"query-input":{"@type":"PropertyValueSpecification","valueRequired":true,"valueName":"search_term_string"}}],"inLanguage":"fr-FR"},{"@type":"Organization","@id":"https:\/\/bondorproducts.com\/fr\/#organization","name":"Bon d'Or Products","url":"https:\/\/bondorproducts.com\/fr\/","logo":{"@type":"ImageObject","inLanguage":"fr-FR","@id":"https:\/\/bondorproducts.com\/fr\/#\/schema\/logo\/image\/","url":"https:\/\/bondorproducts.com\/wp-content\/uploads\/2021\/01\/logo-complet-verd.png","contentUrl":"https:\/\/bondorproducts.com\/wp-content\/uploads\/2021\/01\/logo-complet-verd.png","width":2560,"height":1040,"caption":"Bon d'Or Products"},"image":{"@id":"https:\/\/bondorproducts.com\/fr\/#\/schema\/logo\/image\/"}}]}},"_links":{"self":[{"href":"https:\/\/bondorproducts.com\/fr\/wp-json\/wp\/v2\/product\/35175","targetHints":{"allow":["GET"]}}],"collection":[{"href":"https:\/\/bondorproducts.com\/fr\/wp-json\/wp\/v2\/product"}],"about":[{"href":"https:\/\/bondorproducts.com\/fr\/wp-json\/wp\/v2\/types\/product"}],"replies":[{"embeddable":true,"href":"https:\/\/bondorproducts.com\/fr\/wp-json\/wp\/v2\/comments?post=35175"}],"wp:featuredmedia":[{"embeddable":true,"href":"https:\/\/bondorproducts.com\/fr\/wp-json\/wp\/v2\/media\/34911"}],"wp:attachment":[{"href":"https:\/\/bondorproducts.com\/fr\/wp-json\/wp\/v2\/media?parent=35175"}],"wp:term":[{"taxonomy":"product_brand","embeddable":true,"href":"https:\/\/bondorproducts.com\/fr\/wp-json\/wp\/v2\/product_brand?post=35175"},{"taxonomy":"product_cat","embeddable":true,"href":"https:\/\/bondorproducts.com\/fr\/wp-json\/wp\/v2\/product_cat?post=35175"},{"taxonomy":"product_tag","embeddable":true,"href":"https:\/\/bondorproducts.com\/fr\/wp-json\/wp\/v2\/product_tag?post=35175"}],"curies":[{"name":"wp","href":"https:\/\/api.w.org\/{rel}","templated":true}]}}