{"id":35248,"date":"2020-12-22T17:23:30","date_gmt":"2021-02-09T16:39:32","guid":{"rendered":"https:\/\/bondorproducts.com\/producto\/ampolla-daigua-de-toc-bon-dor-ag\/"},"modified":"2021-02-09T17:39:32","modified_gmt":"2021-02-09T16:39:32","slug":"ampolla-de-agua-de-toque-bon-dor-ag","status":"publish","type":"product","link":"https:\/\/bondorproducts.com\/ca\/producte\/ampolla-de-agua-de-toque-bon-dor-ag\/","title":{"rendered":"AMPOLLA D\u2019AIGUA DE TOC BON D\u2019OR Ag."},"content":{"rendered":"<p>Ampolla d&#8217;Aigua de Toc Ag, especial per comprovar la Plata.<\/p>\n<p><i>\u00danicament per a \u00fas professional. Producte altament corrosiu. \u00c9s necessari prendre les mesures de seguretat pertinents com emprar guants i ulleres de protecci\u00f3 per tal d\u2019evitar el contacte amb la pell i els ulls.<\/i><\/p>\n","protected":false},"excerpt":{"rendered":"<p>Ampolla d&#8217;Aigua de Toc Ag, especial per comprovar la Plata. \u00danicament per a \u00fas professional. Producte altament corrosiu. \u00c9s necessari prendre les mesures de seguretat pertinents com emprar guants i ulleres de protecci\u00f3 per tal d\u2019evitar el contacte amb la pell i els ulls.<\/p>\n","protected":false},"featured_media":34873,"comment_status":"closed","ping_status":"closed","template":"","meta":[],"product_brand":[],"product_cat":[81,82],"product_tag":[],"class_list":{"0":"post-35248","1":"product","2":"type-product","3":"status-publish","4":"has-post-thumbnail","6":"product_cat-test-de-metalls-nobles","7":"product_cat-test-per-acid","8":"","9":"woocommerce-text-align-center","10":"woocommerce-image-align-center","11":"do-quantity-buttons","13":"first","14":"instock","15":"shipping-taxable","16":"product-type-simple"},"yoast_head":"<!-- This site is optimized with the Yoast SEO plugin v27.3 - https:\/\/yoast.com\/product\/yoast-seo-wordpress\/ -->\n<title>AMPOLLA D\u2019AIGUA DE TOC BON D\u2019OR Ag. &#171; Bon d&#039;Or Products<\/title>\n<meta name=\"robots\" content=\"index, follow, max-snippet:-1, max-image-preview:large, max-video-preview:-1\" \/>\n<link rel=\"canonical\" href=\"https:\/\/bondorproducts.com\/ca\/producte\/ampolla-de-agua-de-toque-bon-dor-ag\/\" \/>\n<meta property=\"og:locale\" content=\"ca_ES\" \/>\n<meta property=\"og:type\" content=\"article\" \/>\n<meta property=\"og:title\" content=\"AMPOLLA D\u2019AIGUA DE TOC BON D\u2019OR Ag. &#171; Bon d&#039;Or Products\" \/>\n<meta property=\"og:description\" content=\"Ampolla d&#8217;Aigua de Toc Ag, especial per comprovar la Plata. \u00danicament per a \u00fas professional. Producte altament corrosiu. \u00c9s necessari prendre les mesures de seguretat pertinents com emprar guants i ulleres de protecci\u00f3 per tal d\u2019evitar el contacte amb la pell i els ulls.\" \/>\n<meta property=\"og:url\" content=\"https:\/\/bondorproducts.com\/ca\/producte\/ampolla-de-agua-de-toque-bon-dor-ag\/\" \/>\n<meta property=\"og:site_name\" content=\"Bon d&#039;Or Products\" \/>\n<meta property=\"og:image\" content=\"https:\/\/bondorproducts.com\/wp-content\/uploads\/2021\/01\/ag-plata-scaled.jpg\" \/>\n\t<meta property=\"og:image:width\" content=\"2560\" \/>\n\t<meta property=\"og:image:height\" content=\"2047\" \/>\n\t<meta property=\"og:image:type\" content=\"image\/jpeg\" \/>\n<meta name=\"twitter:card\" content=\"summary_large_image\" \/>\n<script type=\"application\/ld+json\" class=\"yoast-schema-graph\">{\"@context\":\"https:\\\/\\\/schema.org\",\"@graph\":[{\"@type\":\"WebPage\",\"@id\":\"https:\\\/\\\/bondorproducts.com\\\/ca\\\/producte\\\/ampolla-de-agua-de-toque-bon-dor-ag\\\/\",\"url\":\"https:\\\/\\\/bondorproducts.com\\\/ca\\\/producte\\\/ampolla-de-agua-de-toque-bon-dor-ag\\\/\",\"name\":\"AMPOLLA D\u2019AIGUA DE TOC BON D\u2019OR Ag. &#171; Bon d'Or Products\",\"isPartOf\":{\"@id\":\"https:\\\/\\\/bondorproducts.com\\\/ca\\\/#website\"},\"primaryImageOfPage\":{\"@id\":\"https:\\\/\\\/bondorproducts.com\\\/ca\\\/producte\\\/ampolla-de-agua-de-toque-bon-dor-ag\\\/#primaryimage\"},\"image\":{\"@id\":\"https:\\\/\\\/bondorproducts.com\\\/ca\\\/producte\\\/ampolla-de-agua-de-toque-bon-dor-ag\\\/#primaryimage\"},\"thumbnailUrl\":\"https:\\\/\\\/bondorproducts.com\\\/wp-content\\\/uploads\\\/2021\\\/01\\\/ag-plata-scaled.jpg\",\"datePublished\":\"2021-02-09T16:39:32+00:00\",\"breadcrumb\":{\"@id\":\"https:\\\/\\\/bondorproducts.com\\\/ca\\\/producte\\\/ampolla-de-agua-de-toque-bon-dor-ag\\\/#breadcrumb\"},\"inLanguage\":\"ca\",\"potentialAction\":[{\"@type\":\"ReadAction\",\"target\":[\"https:\\\/\\\/bondorproducts.com\\\/ca\\\/producte\\\/ampolla-de-agua-de-toque-bon-dor-ag\\\/\"]}]},{\"@type\":\"ImageObject\",\"inLanguage\":\"ca\",\"@id\":\"https:\\\/\\\/bondorproducts.com\\\/ca\\\/producte\\\/ampolla-de-agua-de-toque-bon-dor-ag\\\/#primaryimage\",\"url\":\"https:\\\/\\\/bondorproducts.com\\\/wp-content\\\/uploads\\\/2021\\\/01\\\/ag-plata-scaled.jpg\",\"contentUrl\":\"https:\\\/\\\/bondorproducts.com\\\/wp-content\\\/uploads\\\/2021\\\/01\\\/ag-plata-scaled.jpg\",\"width\":2560,\"height\":2047,\"caption\":\"Ag Plata\"},{\"@type\":\"BreadcrumbList\",\"@id\":\"https:\\\/\\\/bondorproducts.com\\\/ca\\\/producte\\\/ampolla-de-agua-de-toque-bon-dor-ag\\\/#breadcrumb\",\"itemListElement\":[{\"@type\":\"ListItem\",\"position\":1,\"name\":\"Portada\",\"item\":\"https:\\\/\\\/bondorproducts.com\\\/ca\\\/\"},{\"@type\":\"ListItem\",\"position\":2,\"name\":\"Productes\",\"item\":\"https:\\\/\\\/bondorproducts.com\\\/ca\\\/productes\\\/\"},{\"@type\":\"ListItem\",\"position\":3,\"name\":\"AMPOLLA D\u2019AIGUA DE TOC BON D\u2019OR Ag.\"}]},{\"@type\":\"WebSite\",\"@id\":\"https:\\\/\\\/bondorproducts.com\\\/ca\\\/#website\",\"url\":\"https:\\\/\\\/bondorproducts.com\\\/ca\\\/\",\"name\":\"Bon d'Or Products\",\"description\":\"Reactivos para el an&aacute;lisis de metales nobles\",\"publisher\":{\"@id\":\"https:\\\/\\\/bondorproducts.com\\\/ca\\\/#organization\"},\"potentialAction\":[{\"@type\":\"SearchAction\",\"target\":{\"@type\":\"EntryPoint\",\"urlTemplate\":\"https:\\\/\\\/bondorproducts.com\\\/ca\\\/?s={search_term_string}\"},\"query-input\":{\"@type\":\"PropertyValueSpecification\",\"valueRequired\":true,\"valueName\":\"search_term_string\"}}],\"inLanguage\":\"ca\"},{\"@type\":\"Organization\",\"@id\":\"https:\\\/\\\/bondorproducts.com\\\/ca\\\/#organization\",\"name\":\"Bon d'Or Products\",\"url\":\"https:\\\/\\\/bondorproducts.com\\\/ca\\\/\",\"logo\":{\"@type\":\"ImageObject\",\"inLanguage\":\"ca\",\"@id\":\"https:\\\/\\\/bondorproducts.com\\\/ca\\\/#\\\/schema\\\/logo\\\/image\\\/\",\"url\":\"https:\\\/\\\/bondorproducts.com\\\/wp-content\\\/uploads\\\/2021\\\/01\\\/logo-complet-verd.png\",\"contentUrl\":\"https:\\\/\\\/bondorproducts.com\\\/wp-content\\\/uploads\\\/2021\\\/01\\\/logo-complet-verd.png\",\"width\":2560,\"height\":1040,\"caption\":\"Bon d'Or Products\"},\"image\":{\"@id\":\"https:\\\/\\\/bondorproducts.com\\\/ca\\\/#\\\/schema\\\/logo\\\/image\\\/\"}}]}<\/script>\n<!-- \/ Yoast SEO plugin. -->","yoast_head_json":{"title":"AMPOLLA D\u2019AIGUA DE TOC BON D\u2019OR Ag. &#171; Bon d'Or Products","robots":{"index":"index","follow":"follow","max-snippet":"max-snippet:-1","max-image-preview":"max-image-preview:large","max-video-preview":"max-video-preview:-1"},"canonical":"https:\/\/bondorproducts.com\/ca\/producte\/ampolla-de-agua-de-toque-bon-dor-ag\/","og_locale":"ca_ES","og_type":"article","og_title":"AMPOLLA D\u2019AIGUA DE TOC BON D\u2019OR Ag. &#171; Bon d'Or Products","og_description":"Ampolla d&#8217;Aigua de Toc Ag, especial per comprovar la Plata. \u00danicament per a \u00fas professional. Producte altament corrosiu. \u00c9s necessari prendre les mesures de seguretat pertinents com emprar guants i ulleres de protecci\u00f3 per tal d\u2019evitar el contacte amb la pell i els ulls.","og_url":"https:\/\/bondorproducts.com\/ca\/producte\/ampolla-de-agua-de-toque-bon-dor-ag\/","og_site_name":"Bon d'Or Products","og_image":[{"width":2560,"height":2047,"url":"https:\/\/bondorproducts.com\/wp-content\/uploads\/2021\/01\/ag-plata-scaled.jpg","type":"image\/jpeg"}],"twitter_card":"summary_large_image","schema":{"@context":"https:\/\/schema.org","@graph":[{"@type":"WebPage","@id":"https:\/\/bondorproducts.com\/ca\/producte\/ampolla-de-agua-de-toque-bon-dor-ag\/","url":"https:\/\/bondorproducts.com\/ca\/producte\/ampolla-de-agua-de-toque-bon-dor-ag\/","name":"AMPOLLA D\u2019AIGUA DE TOC BON D\u2019OR Ag. &#171; Bon d'Or Products","isPartOf":{"@id":"https:\/\/bondorproducts.com\/ca\/#website"},"primaryImageOfPage":{"@id":"https:\/\/bondorproducts.com\/ca\/producte\/ampolla-de-agua-de-toque-bon-dor-ag\/#primaryimage"},"image":{"@id":"https:\/\/bondorproducts.com\/ca\/producte\/ampolla-de-agua-de-toque-bon-dor-ag\/#primaryimage"},"thumbnailUrl":"https:\/\/bondorproducts.com\/wp-content\/uploads\/2021\/01\/ag-plata-scaled.jpg","datePublished":"2021-02-09T16:39:32+00:00","breadcrumb":{"@id":"https:\/\/bondorproducts.com\/ca\/producte\/ampolla-de-agua-de-toque-bon-dor-ag\/#breadcrumb"},"inLanguage":"ca","potentialAction":[{"@type":"ReadAction","target":["https:\/\/bondorproducts.com\/ca\/producte\/ampolla-de-agua-de-toque-bon-dor-ag\/"]}]},{"@type":"ImageObject","inLanguage":"ca","@id":"https:\/\/bondorproducts.com\/ca\/producte\/ampolla-de-agua-de-toque-bon-dor-ag\/#primaryimage","url":"https:\/\/bondorproducts.com\/wp-content\/uploads\/2021\/01\/ag-plata-scaled.jpg","contentUrl":"https:\/\/bondorproducts.com\/wp-content\/uploads\/2021\/01\/ag-plata-scaled.jpg","width":2560,"height":2047,"caption":"Ag Plata"},{"@type":"BreadcrumbList","@id":"https:\/\/bondorproducts.com\/ca\/producte\/ampolla-de-agua-de-toque-bon-dor-ag\/#breadcrumb","itemListElement":[{"@type":"ListItem","position":1,"name":"Portada","item":"https:\/\/bondorproducts.com\/ca\/"},{"@type":"ListItem","position":2,"name":"Productes","item":"https:\/\/bondorproducts.com\/ca\/productes\/"},{"@type":"ListItem","position":3,"name":"AMPOLLA D\u2019AIGUA DE TOC BON D\u2019OR Ag."}]},{"@type":"WebSite","@id":"https:\/\/bondorproducts.com\/ca\/#website","url":"https:\/\/bondorproducts.com\/ca\/","name":"Bon d'Or Products","description":"Reactivos para el an&aacute;lisis de metales nobles","publisher":{"@id":"https:\/\/bondorproducts.com\/ca\/#organization"},"potentialAction":[{"@type":"SearchAction","target":{"@type":"EntryPoint","urlTemplate":"https:\/\/bondorproducts.com\/ca\/?s={search_term_string}"},"query-input":{"@type":"PropertyValueSpecification","valueRequired":true,"valueName":"search_term_string"}}],"inLanguage":"ca"},{"@type":"Organization","@id":"https:\/\/bondorproducts.com\/ca\/#organization","name":"Bon d'Or Products","url":"https:\/\/bondorproducts.com\/ca\/","logo":{"@type":"ImageObject","inLanguage":"ca","@id":"https:\/\/bondorproducts.com\/ca\/#\/schema\/logo\/image\/","url":"https:\/\/bondorproducts.com\/wp-content\/uploads\/2021\/01\/logo-complet-verd.png","contentUrl":"https:\/\/bondorproducts.com\/wp-content\/uploads\/2021\/01\/logo-complet-verd.png","width":2560,"height":1040,"caption":"Bon d'Or Products"},"image":{"@id":"https:\/\/bondorproducts.com\/ca\/#\/schema\/logo\/image\/"}}]}},"_links":{"self":[{"href":"https:\/\/bondorproducts.com\/ca\/wp-json\/wp\/v2\/product\/35248","targetHints":{"allow":["GET"]}}],"collection":[{"href":"https:\/\/bondorproducts.com\/ca\/wp-json\/wp\/v2\/product"}],"about":[{"href":"https:\/\/bondorproducts.com\/ca\/wp-json\/wp\/v2\/types\/product"}],"replies":[{"embeddable":true,"href":"https:\/\/bondorproducts.com\/ca\/wp-json\/wp\/v2\/comments?post=35248"}],"wp:featuredmedia":[{"embeddable":true,"href":"https:\/\/bondorproducts.com\/ca\/wp-json\/wp\/v2\/media\/34873"}],"wp:attachment":[{"href":"https:\/\/bondorproducts.com\/ca\/wp-json\/wp\/v2\/media?parent=35248"}],"wp:term":[{"taxonomy":"product_brand","embeddable":true,"href":"https:\/\/bondorproducts.com\/ca\/wp-json\/wp\/v2\/product_brand?post=35248"},{"taxonomy":"product_cat","embeddable":true,"href":"https:\/\/bondorproducts.com\/ca\/wp-json\/wp\/v2\/product_cat?post=35248"},{"taxonomy":"product_tag","embeddable":true,"href":"https:\/\/bondorproducts.com\/ca\/wp-json\/wp\/v2\/product_tag?post=35248"}],"curies":[{"name":"wp","href":"https:\/\/api.w.org\/{rel}","templated":true}]}}